{"id":18289,"date":"2021-12-02T16:28:38","date_gmt":"2021-12-02T14:28:38","guid":{"rendered":"https:\/\/emiliaromagnateatro.com\/?page_id=18289"},"modified":"2021-12-02T18:26:28","modified_gmt":"2021-12-02T16:26:28","slug":"between-lands","status":"publish","type":"page","link":"https:\/\/emiliaromagnateatro.com\/en\/between-lands\/","title":{"rendered":"Between Lands"},"content":{"rendered":"<p><em><img loading=\"lazy\" class=\"wp-image-12578 aligncenter\" src=\"https:\/\/emiliaromagnateatro.com\/wp-content\/uploads\/2020\/07\/logo_between_lands-1-1024x486.png\" alt=\"\" width=\"443\" height=\"210\" srcset=\"https:\/\/emiliaromagnateatro.com\/wp-content\/uploads\/2020\/07\/logo_between_lands-1-1024x486.png 1024w, https:\/\/emiliaromagnateatro.com\/wp-content\/uploads\/2020\/07\/logo_between_lands-1-300x142.png 300w, https:\/\/emiliaromagnateatro.com\/wp-content\/uploads\/2020\/07\/logo_between_lands-1-768x365.png 768w, https:\/\/emiliaromagnateatro.com\/wp-content\/uploads\/2020\/07\/logo_between_lands-1-1200x570.png 1200w, https:\/\/emiliaromagnateatro.com\/wp-content\/uploads\/2020\/07\/logo_between_lands-1-480x228.png 480w, https:\/\/emiliaromagnateatro.com\/wp-content\/uploads\/2020\/07\/logo_between_lands-1.png 1449w\" sizes=\"(max-width: 443px) 100vw, 443px\" \/><\/em><\/p>\n<p>Between Lands is a network for the mobility of artists that connects Emilia Romagna Teatro to other international partners from major European cities: KVS &#8211; Brussels (BE), Teatro Calder\u00f3n de Valladolid (ES), La Com\u00e9die &#8211; CDN de Reims (FR), Teatro National S\u00e3o Jo\u00e3o &#8211; Porto (PT), Teatre Nacional de Catalunya &#8211; Barcelona (ES), Onassis Foundation Athens (GR).<br \/>\nBetween Lands is a project born from the need to foster a common vision of the world and of the role of cultural institutions, by promoting the idea that culture plays a prominent role in maintaining peace and democracy.<br \/>\nFrom one country to another, we undertake a &#8220;journey into the Europe of civic values&#8221;, with the ambition of building international collaborations, through artistic exchanges and the sharing of spaces for reflection, discussion and transmission.<\/p>\n<p>In Between Lands each theater commissions a writer. <br \/>\nSeven short works, written by seven authors and translated into each language of the partnership, are staged as <em>mise en espace<\/em> in a variety of forms and languages by the directors of the partner theaters under the common name of <em>Running for Democracy<\/em>.<\/p>\n<p><strong>PLAYWRIGHTS <br \/>\n<\/strong>Rachida Lamrabet (BE), Pier Lorenzo Pisano (IT), Jos\u00e9 Manuel Mora (ES), Charlotte Lagrange (FR), Micka\u00ebl de Oliveira (PT), Lena Kitsopoulou (GR), S\u00edlvia Navarro Perramon(ES)<\/p>\n<p>The writers taking part to the project are:<br \/>\n<strong>PIER LORENZO PISANO<\/strong> is the Italian writer and theatre and film director choosen by Emilia Romagna Teatro. He studied as actor at Guildhall School of Music and Drama (London). He works as actor and director for theatre and cinema. His short film <em>Cos\u00ec in terra<\/em> was selected for the Cannes Film Festival in 2018. His theatre work as writer has also won a number of prizes: <em>Fratelli<\/em> (Premio Hystrio 2016); <em>Per il tuo bene<\/em> (Premio Riccione-Tondelli 2017), <em>Carbonio<\/em> (Premio Riccione per il Teatro 2021)<br \/>\n<strong>RACHIDA LAMRABET<\/strong> is the author choosen by KVS- Bruxelles. Lamrabet\u2019s debut <em>Vrouwland<\/em> won her the Debuutprijs \u2013 an award for best newcomer awarded by Boek.be. Next, she wrote a collection of short stories, <em>Een kind van god<\/em>. Alongside her novels, she has gained public attention for her resolute opinions, essays and theatre texts, the latter including <em>Belga<\/em> and <em>De handen van Fatma<\/em>. Under commission from KVS and the Goethe Institute, she wrote the screenplay for <em>Deburkanisation<\/em>, which landed her in the eye of a media storm, resulting in her being dismissed from the board of directors at Unia. In response she wrote her essay<em> Zwijg Allochtoon<\/em>. Lamrabet recently won the biennial Culture Prize KU Leuven and won the Flemish Culture Prize Ultima for Arts.\u00a0<br \/>\nIn France, La Com\u00e9die de Reims commissions <strong>CHARLOTTE LAGRANGE<\/strong>, a director and writer, and part of theatre company La Chair du Monde. Her work includes <em>D\u00e9sirer tant<\/em> (2018) in which she portrays three generations of women dealing with their desires against the straitjacket of society. This tension between macro and micro stories often recurs in her work, in which see always seeks to interrogate political realities.<br \/>\nThe Spanish writer <strong>JOS\u00c9 MANUEL MORA<\/strong> graduated in dramatic writing and is founder and artistic director of Madrid Draft.inn, a development space for international collaboration. He also runs Spanish editions of the FRINGE festival and often writes for Peepin Tom. His interdisciplinary writing style is a hallmark of his work. Jos\u00e9 Manuel participates in <em>Between Lands<\/em> with Teatro Calderon de Valladolid.\u00a0<br \/>\n<strong>LENA KITSOPOULOU<\/strong> is an actress, writer and director from Greece, commissioned by the Onassis Foundation. Her short story collection <em>Nichterides<\/em> won the Best Debut Author Award DIAVAZO in 2007. She has made shows previously for the Onassis Foundation, Theatro Technis in Athens, in Germany and in the UK. She won the Internationaler Autorenpreis for her piece <em>Athanasios Diakos<\/em> at the Heidelberg St\u00fcckemarkt in 2013. Kitsopoulou\u2019s work typically combines contemporary form with classical Greek elements, including myths and rebetika.<br \/>\nCentro Dramatico S\u00e3o Jo\u00e3o de Porto has chosen French-Portuguese writer <strong>MICKA\u00cbL DE OLIVEIRA<\/strong>. Micka\u00ebl has written for theatre since 2004 and set up Coletivo 84 in 2008 as a structure in which to write and direct. In 2007 he won the Nova Dramaturgia Maria Matos prize for <em>O que \u00e9 teu entregou aos mortais<\/em>. His work has been played in France, Belgium, Switzerland and Norway.\u00a0He is also Artistic Director of the Encontros de Novas Dramaturgias Contemporaneas project, which aims to grow attention for contemporary Portuguese and international writing.\u00a0<br \/>\n<strong>S\u00cdLVIA NAVARRO PERRAMON,<\/strong> playwright and stage director graduated in Sociology and in Stage Direction and Playwriting, has been commissioned by Teatre Nacional de Catalunya.\u00a0She has written\u00a0<em>94 minuts <\/em>(IATI Theater NYC- Barcelona, Tantarantana, 2017),\u00a0<em>Ifig\u00e8nia en Taxi\u00a0<\/em>(Tantarantana, 2019), Coloms, (CDN-Sala Beckett, 2021),\u00a0<em>Our house in flames <\/em>(IATI Theater, NYC, 2021). She won the Ciutat d\u2019Alcoi Playwriting Award 2018 with\u00a0<em>Un turista se su\u00efcida\u00a0<\/em>and Frederic Roda de Teatre Playwriting Award 2020 with\u00a0<em>Negatius.\u00a0<\/em>Chosen for the VIII Laboratorio de Escritura Teatral Fundaci\u00f3n SGAE 2020 with\u00a0<em>El \u00faltimo sovi\u00e9tico\u00a0<\/em>(Published by Fundaci\u00f3n SGAE) and Carme Montoriol grant by Ajuntament de Barcelona 2020 with the play\u00a0<em>Exits pursued by a bear.<\/em><\/p>\n<p>&nbsp;<\/p>\n<p>&nbsp;<\/p>\n<p><iframe title=\"YouTube video player\" src=\"https:\/\/www.youtube.com\/embed\/-1Qxh2SeMZ0\" width=\"560\" height=\"315\" frameborder=\"0\" allowfullscreen=\"allowfullscreen\"><\/iframe><\/p>\n","protected":false},"excerpt":{"rendered":"<p>Between Lands is a network for the mobility of artists that connects Emilia Romagna Teatro to other international partners from major European cities: KVS &#8211; Brussels (BE), Teatro Calder\u00f3n de Valladolid (ES), La Com\u00e9die &#8211; CDN de Reims (FR), Teatro National S\u00e3o Jo\u00e3o &#8211; Porto (PT), Teatre Nacional de Catalunya &#8211; Barcelona (ES), Onassis Foundation [&hellip;]<\/p>\n","protected":false},"author":4,"featured_media":0,"parent":0,"menu_order":0,"comment_status":"closed","ping_status":"closed","template":"","meta":[],"yoast_head":"<!-- This site is optimized with the Yoast SEO plugin v15.9.1 - https:\/\/yoast.com\/wordpress\/plugins\/seo\/ -->\n<meta name=\"robots\" content=\"index, follow, max-snippet:-1, max-image-preview:large, max-video-preview:-1\" \/>\n<link rel=\"canonical\" href=\"https:\/\/emiliaromagnateatro.com\/en\/between-lands\/\" \/>\n<meta property=\"og:locale\" content=\"en_US\" \/>\n<meta property=\"og:type\" content=\"article\" \/>\n<meta property=\"og:title\" content=\"Between Lands - Emilia Romagna Teatro Fondazione\" \/>\n<meta property=\"og:description\" content=\"Between Lands is a network for the mobility of artists that connects Emilia Romagna Teatro to other international partners from major European cities: KVS &#8211; Brussels (BE), Teatro Calder\u00f3n de Valladolid (ES), La Com\u00e9die &#8211; CDN de Reims (FR), Teatro National S\u00e3o Jo\u00e3o &#8211; Porto (PT), Teatre Nacional de Catalunya &#8211; Barcelona (ES), Onassis Foundation [&hellip;]\" \/>\n<meta property=\"og:url\" content=\"https:\/\/emiliaromagnateatro.com\/en\/between-lands\/\" \/>\n<meta property=\"og:site_name\" content=\"Emilia Romagna Teatro Fondazione\" \/>\n<meta property=\"article:modified_time\" content=\"2021-12-02T16:26:28+00:00\" \/>\n<meta property=\"og:image\" content=\"https:\/\/emiliaromagnateatro.com\/wp-content\/uploads\/2020\/07\/logo_between_lands-1-1024x486.png\" \/>\n<meta name=\"twitter:card\" content=\"summary_large_image\" \/>\n<meta name=\"twitter:label1\" content=\"Est. reading time\">\n\t<meta name=\"twitter:data1\" content=\"4 minutes\">\n<script type=\"application\/ld+json\" class=\"yoast-schema-graph\">{\"@context\":\"https:\/\/schema.org\",\"@graph\":[{\"@type\":\"Organization\",\"@id\":\"https:\/\/emiliaromagnateatro.com\/#organization\",\"name\":\"Emilia Romagna Teatro Fondazione\",\"url\":\"https:\/\/emiliaromagnateatro.com\/\",\"sameAs\":[],\"logo\":{\"@type\":\"ImageObject\",\"@id\":\"https:\/\/emiliaromagnateatro.com\/#logo\",\"inLanguage\":\"en-US\",\"url\":\"https:\/\/emiliaromagnateatro.com\/wp-content\/uploads\/2018\/10\/LogoERT_Teatro-nazionale_colori-300x134.png\",\"width\":300,\"height\":134,\"caption\":\"Emilia Romagna Teatro Fondazione\"},\"image\":{\"@id\":\"https:\/\/emiliaromagnateatro.com\/#logo\"}},{\"@type\":\"WebSite\",\"@id\":\"https:\/\/emiliaromagnateatro.com\/#website\",\"url\":\"https:\/\/emiliaromagnateatro.com\/\",\"name\":\"Emilia Romagna Teatro Fondazione\",\"description\":\"Just another WordPress site\",\"publisher\":{\"@id\":\"https:\/\/emiliaromagnateatro.com\/#organization\"},\"potentialAction\":[{\"@type\":\"SearchAction\",\"target\":\"https:\/\/emiliaromagnateatro.com\/?s={search_term_string}\",\"query-input\":\"required name=search_term_string\"}],\"inLanguage\":\"en-US\"},{\"@type\":\"ImageObject\",\"@id\":\"https:\/\/emiliaromagnateatro.com\/en\/between-lands\/#primaryimage\",\"inLanguage\":\"en-US\",\"url\":\"https:\/\/emiliaromagnateatro.com\/wp-content\/uploads\/2020\/07\/logo_between_lands-1.png\",\"width\":1449,\"height\":688},{\"@type\":\"WebPage\",\"@id\":\"https:\/\/emiliaromagnateatro.com\/en\/between-lands\/#webpage\",\"url\":\"https:\/\/emiliaromagnateatro.com\/en\/between-lands\/\",\"name\":\"Between Lands - Emilia Romagna Teatro Fondazione\",\"isPartOf\":{\"@id\":\"https:\/\/emiliaromagnateatro.com\/#website\"},\"primaryImageOfPage\":{\"@id\":\"https:\/\/emiliaromagnateatro.com\/en\/between-lands\/#primaryimage\"},\"datePublished\":\"2021-12-02T14:28:38+00:00\",\"dateModified\":\"2021-12-02T16:26:28+00:00\",\"breadcrumb\":{\"@id\":\"https:\/\/emiliaromagnateatro.com\/en\/between-lands\/#breadcrumb\"},\"inLanguage\":\"en-US\",\"potentialAction\":[{\"@type\":\"ReadAction\",\"target\":[\"https:\/\/emiliaromagnateatro.com\/en\/between-lands\/\"]}]},{\"@type\":\"BreadcrumbList\",\"@id\":\"https:\/\/emiliaromagnateatro.com\/en\/between-lands\/#breadcrumb\",\"itemListElement\":[{\"@type\":\"ListItem\",\"position\":1,\"item\":{\"@type\":\"WebPage\",\"@id\":\"https:\/\/emiliaromagnateatro.com\/en\/\",\"url\":\"https:\/\/emiliaromagnateatro.com\/en\/\",\"name\":\"Home\"}},{\"@type\":\"ListItem\",\"position\":2,\"item\":{\"@type\":\"WebPage\",\"@id\":\"https:\/\/emiliaromagnateatro.com\/en\/between-lands\/\",\"url\":\"https:\/\/emiliaromagnateatro.com\/en\/between-lands\/\",\"name\":\"Between Lands\"}}]}]}<\/script>\n<!-- \/ Yoast SEO plugin. -->","_links":{"self":[{"href":"https:\/\/emiliaromagnateatro.com\/en\/wp-json\/wp\/v2\/pages\/18289"}],"collection":[{"href":"https:\/\/emiliaromagnateatro.com\/en\/wp-json\/wp\/v2\/pages"}],"about":[{"href":"https:\/\/emiliaromagnateatro.com\/en\/wp-json\/wp\/v2\/types\/page"}],"author":[{"embeddable":true,"href":"https:\/\/emiliaromagnateatro.com\/en\/wp-json\/wp\/v2\/users\/4"}],"replies":[{"embeddable":true,"href":"https:\/\/emiliaromagnateatro.com\/en\/wp-json\/wp\/v2\/comments?post=18289"}],"version-history":[{"count":6,"href":"https:\/\/emiliaromagnateatro.com\/en\/wp-json\/wp\/v2\/pages\/18289\/revisions"}],"predecessor-version":[{"id":18323,"href":"https:\/\/emiliaromagnateatro.com\/en\/wp-json\/wp\/v2\/pages\/18289\/revisions\/18323"}],"wp:attachment":[{"href":"https:\/\/emiliaromagnateatro.com\/en\/wp-json\/wp\/v2\/media?parent=18289"}],"curies":[{"name":"wp","href":"https:\/\/api.w.org\/{rel}","templated":true}]}}